{"id":7513,"date":"2026-04-15T20:03:48","date_gmt":"2026-04-15T20:03:48","guid":{"rendered":"https:\/\/zaniserafino.it\/home-new\/"},"modified":"2026-04-17T07:37:05","modified_gmt":"2026-04-17T07:37:05","slug":"home-new","status":"publish","type":"page","link":"https:\/\/zaniserafino.it\/en\/home-new\/","title":{"rendered":"home new"},"content":{"rendered":"<div class=\"wpb-content-wrapper\"><p>[vc_row][vc_column][vc_empty_space woodmart_hide_large=&#8221;0&#8243; woodmart_hide_medium=&#8221;0&#8243; woodmart_hide_small=&#8221;0&#8243;][\/vc_column][\/vc_row][vc_row equal_height=&#8221;yes&#8221; content_placement=&#8221;middle&#8221; woodmart_css_id=&#8221;69977637d15c9&#8243; responsive_spacing=&#8221;eyJwYXJhbV90eXBlIjoid29vZG1hcnRfcmVzcG9uc2l2ZV9zcGFjaW5nIiwic2VsZWN0b3JfaWQiOiI2OTk3NzYzN2QxNWM5Iiwic2hvcnRjb2RlIjoidmNfcm93IiwiZGF0YSI6eyJ0YWJsZXQiOnt9LCJtb2JpbGUiOnt9fX0=&#8221; mobile_bg_img_hidden=&#8221;no&#8221; tablet_bg_img_hidden=&#8221;no&#8221; woodmart_parallax=&#8221;0&#8243; woodmart_gradient_switch=&#8221;no&#8221; woodmart_box_shadow=&#8221;no&#8221; wd_z_index=&#8221;no&#8221; woodmart_disable_overflow=&#8221;0&#8243; row_reverse_mobile=&#8221;0&#8243; row_reverse_tablet=&#8221;0&#8243;][vc_column width=&#8221;1\/2&#8243;]\t\t\t<link rel=\"stylesheet\" id=\"wd-text-block-css\" href=\"https:\/\/zaniserafino.it\/wp-content\/themes\/woodmart\/css\/parts\/el-text-block.min.css?ver=7.2.4\" type=\"text\/css\" media=\"all\" \/> \t\t\t\t\t<div id=\"wd-69e1e3137e422\" class=\"wd-text-block wd-wpb reset-last-child wd-rs-69e1e3137e422 text-left wd-width-enabled wd-font-weight-400 wd-fontsize-custom \" style=\"--wd-max-width: 90%;\">\n\t\t\t<p>La profonda conoscenza della lavorazione del ferro e dell\u2019acciaio costituisce da secoli il patrimonio degli abitanti delle valli prealpine a Nord di Brescia: \u00e8 a Lumezzane che <strong>Serafino Zani<\/strong> (primo da destra nella foto) mette a frutto l\u2019esperienza maturata lavorando con il padre Bernardo Lorenzo (secondo da sinistra nella foto) e fonda la <strong>Zani Serafino &amp; C. <\/strong>nel 1963.<\/p>\n<p>Fin dalla sua nascita, l\u2019azienda ha saputo far tesoro di un sapere antico fatto di regole tramandate di generazione in generazione, di attenzione per i particolari, per le finiture e i materiali.<\/p>\n<p>La<strong> famiglia Zani<\/strong> continua oggi a guidare ed amministrare l\u2019azienda, sviluppando progetti e fabbricando prodotti che coniugano tradizione artigianale con una visione industriale originale ed innovativa, con la volont\u00e0 di affermare la propria vocazione a <strong>produrre oggetti belli e di grande qualit\u00e0.<\/strong><\/p>\n\t\t<\/div>\n\t\t[\/vc_column][vc_column width=&#8221;1\/2&#8243;]\t\t<div id=\"wd-69e0de2e9adbf\" class=\"wd-image wd-wpb wd-rs-69e0de2e9adbf text-center \">\n\t\t\t\t\t\t\t<a href=\"https:\/\/www.anima.it\/associazioni\/elenco\/fiac\"  target=\"_blank\">\n\t\t\t\n\t\t\t<img loading=\"lazy\" decoding=\"async\" width=\"1200\" height=\"860\" src=\"https:\/\/zaniserafino.it\/wp-content\/uploads\/2026\/04\/PHOTO-stria-zani.jpg\" class=\"attachment-full\" alt=\"\" title=\"PHOTO-stria-zani\" srcset=\"https:\/\/zaniserafino.it\/wp-content\/uploads\/2026\/04\/PHOTO-stria-zani.jpg 1200w, https:\/\/zaniserafino.it\/wp-content\/uploads\/2026\/04\/PHOTO-stria-zani-400x287.jpg 400w, https:\/\/zaniserafino.it\/wp-content\/uploads\/2026\/04\/PHOTO-stria-zani-1116x800.jpg 1116w, https:\/\/zaniserafino.it\/wp-content\/uploads\/2026\/04\/PHOTO-stria-zani-768x550.jpg 768w\" sizes=\"auto, (max-width: 1200px) 100vw, 1200px\" \/>\n\t\t\t\t\t\t\t<\/a>\n\t\t\t\t\t<\/div>\n\t\t[vc_empty_space height=&#8221;10px&#8221; woodmart_hide_large=&#8221;0&#8243; woodmart_hide_medium=&#8221;0&#8243; woodmart_hide_small=&#8221;0&#8243;][vc_row_inner][vc_column_inner width=&#8221;1\/2&#8243;]\t\t<div id=\"wd-69e0deb0b6f46\" class=\"wd-image wd-wpb wd-rs-69e0deb0b6f46 text-center \">\n\t\t\t\t\t\t\t<a href=\"https:\/\/www.anima.it\/associazioni\/elenco\/fiac\"  target=\"_blank\">\n\t\t\t\n\t\t\t<img loading=\"lazy\" decoding=\"async\" width=\"255\" height=\"73\" src=\"https:\/\/zaniserafino.it\/wp-content\/uploads\/2023\/03\/image.png\" class=\"attachment-medium\" alt=\"\" title=\"image\" \/>\n\t\t\t\t\t\t\t<\/a>\n\t\t\t\t\t<\/div>\n\t\t[vc_empty_space height=&#8221;12px&#8221; woodmart_hide_large=&#8221;0&#8243; woodmart_hide_medium=&#8221;0&#8243; woodmart_hide_small=&#8221;0&#8243;][\/vc_column_inner][vc_column_inner width=&#8221;1\/2&#8243;]\t\t<div id=\"wd-69e0dea723dd5\" class=\"wd-image wd-wpb wd-rs-69e0dea723dd5 text-center \">\n\t\t\t\t\t\t\t<a href=\"https:\/\/zaniserafino.it\/qualita\/\" >\n\t\t\t\n\t\t\t<img loading=\"lazy\" decoding=\"async\" width=\"400\" height=\"111\" src=\"https:\/\/zaniserafino.it\/wp-content\/uploads\/2026\/02\/BVCER_withAccredia-ISO-9001-400x111.png\" class=\"attachment-medium\" alt=\"\" title=\"BVCER_withAccredia-ISO-9001\" srcset=\"https:\/\/zaniserafino.it\/wp-content\/uploads\/2026\/02\/BVCER_withAccredia-ISO-9001-400x111.png 400w, https:\/\/zaniserafino.it\/wp-content\/uploads\/2026\/02\/BVCER_withAccredia-ISO-9001.png 500w\" sizes=\"auto, (max-width: 400px) 100vw, 400px\" \/>\n\t\t\t\t\t\t\t<\/a>\n\t\t\t\t\t<\/div>\n\t\t[vc_empty_space height=&#8221;12px&#8221; woodmart_hide_large=&#8221;0&#8243; woodmart_hide_medium=&#8221;0&#8243; woodmart_hide_small=&#8221;0&#8243;][\/vc_column_inner][\/vc_row_inner][\/vc_column][\/vc_row][vc_row][vc_column][vc_empty_space woodmart_hide_large=&#8221;0&#8243; woodmart_hide_medium=&#8221;0&#8243; woodmart_hide_small=&#8221;0&#8243;][\/vc_column][\/vc_row][vc_row][vc_column width=&#8221;1\/3&#8243;][vc_empty_space height=&#8221;22px&#8221; woodmart_hide_large=&#8221;0&#8243; woodmart_hide_medium=&#8221;0&#8243; woodmart_hide_small=&#8221;0&#8243;]\t\t<div id=\"wd-6475b3103f921\" class=\"wd-image wd-wpb wd-rs-6475b3103f921 text-center \">\n\t\t\t\t\t\t\t<a href=\"https:\/\/serafinozani.it\/?utm_source=linkpagina&#038;utm_medium=button&#038;utm_campaign=zaniserafino&#038;utm_id=zaniserafino\"  target=\"_blank\">\n\t\t\t\n\t\t\t<img loading=\"lazy\" decoding=\"async\" width=\"186\" height=\"238\" src=\"https:\/\/zaniserafino.it\/wp-content\/uploads\/2023\/03\/home_fotozani.jpg\" class=\"attachment-full\" alt=\"\" title=\"home_fotozani\" srcset=\"https:\/\/zaniserafino.it\/wp-content\/uploads\/2023\/03\/home_fotozani.jpg 186w, https:\/\/zaniserafino.it\/wp-content\/uploads\/2023\/03\/home_fotozani-150x192.jpg 150w\" sizes=\"auto, (max-width: 186px) 100vw, 186px\" \/>\n\t\t\t\t\t\t\t<\/a>\n\t\t\t\t\t<\/div>\n\t\t[vc_empty_space height=&#8221;36px&#8221; woodmart_hide_large=&#8221;0&#8243; woodmart_hide_medium=&#8221;0&#8243; woodmart_hide_small=&#8221;0&#8243;]\t\t<div id=\"wd-6407c786c508e\" class=\"wd-text-block wd-wpb reset-last-child wd-rs-6407c786c508e text-left \">\n\t\t\t<p><strong><a href=\"https:\/\/serafinozani.it\/\">Serafino Zani<\/a><\/strong> concepisce e produce utensili per la cucina e la tavola. La profonda conoscenza della lavorazione dell&#8217;acciaio, unita a tecniche innovative di produzione, contraddistinguono il lavoro dell&#8217;azienda dal 1963. I prodotti di Serafino Zani sono il frutto della felice unione tra sapienza artigiana e design di altissima qualit\u00e0.<\/p>\n\t\t<\/div>\n\t\t[vc_empty_space height=&#8221;22px&#8221; woodmart_hide_large=&#8221;0&#8243; woodmart_hide_medium=&#8221;0&#8243; woodmart_hide_small=&#8221;0&#8243;]<div id=\"wd-6475b324de358\" class=\" wd-rs-6475b324de358  wd-button-wrapper text-center\"><a href=\"https:\/\/serafinozani.it\/?utm_source=linkpagina&utm_medium=button&utm_campaign=zaniserafino&utm_id=zaniserafino\" title=\"\" target=\"_blank\" class=\"btn btn-color-default btn-style-default btn-style-rectangle btn-size-default\">VISITA IL SITO<\/a><\/div>[vc_empty_space height=&#8221;22px&#8221; woodmart_hide_large=&#8221;0&#8243; woodmart_hide_medium=&#8221;0&#8243; woodmart_hide_small=&#8221;0&#8243;][\/vc_column][vc_column width=&#8221;1\/3&#8243;][vc_empty_space height=&#8221;22px&#8221; woodmart_hide_large=&#8221;0&#8243; woodmart_hide_medium=&#8221;0&#8243; woodmart_hide_small=&#8221;0&#8243;]\t\t<div id=\"wd-6475b32e0875a\" class=\"wd-image wd-wpb wd-rs-6475b32e0875a text-center \">\n\t\t\t\t\t\t\t<a href=\"https:\/\/www.mementoweb.com\/?utm_source=linkpagina&#038;utm_medium=button&#038;utm_campaign=zaniserafino&#038;utm_id=zaniserafino\"  target=\"_blank\">\n\t\t\t\n\t\t\t<img loading=\"lazy\" decoding=\"async\" width=\"186\" height=\"238\" src=\"https:\/\/zaniserafino.it\/wp-content\/uploads\/2023\/03\/Home_memento_logo.jpg\" class=\"attachment-full\" alt=\"\" title=\"Home_memento_logo\" srcset=\"https:\/\/zaniserafino.it\/wp-content\/uploads\/2023\/03\/Home_memento_logo.jpg 186w, https:\/\/zaniserafino.it\/wp-content\/uploads\/2023\/03\/Home_memento_logo-150x192.jpg 150w\" sizes=\"auto, (max-width: 186px) 100vw, 186px\" \/>\n\t\t\t\t\t\t\t<\/a>\n\t\t\t\t\t<\/div>\n\t\t[vc_empty_space height=&#8221;38px&#8221; woodmart_hide_large=&#8221;0&#8243; woodmart_hide_medium=&#8221;0&#8243; woodmart_hide_small=&#8221;0&#8243;]\t\t<div id=\"wd-6407cc113bfa1\" class=\"wd-text-block wd-wpb reset-last-child wd-rs-6407cc113bfa1 text-left vc_custom_1678232599874\">\n\t\t\t<p><strong><a href=\"https:\/\/www.mementoweb.com\/\" target=\"_blank\" rel=\"noopener\">Memento<\/a><\/strong> ha cambiato radicalmente la concezione e il ruolo del glassware, che si evolve in vero e proprio mezzo di espressione e di identificazione personale. Una costante ricerca nel settore della colorazione del vetro e nel drinkware ha consentito a Memento di dar vita a una palette esclusiva, inimitabile e personalissima.<\/p>\n\t\t<\/div>\n\t\t[vc_empty_space height=&#8221;22px&#8221; woodmart_hide_large=&#8221;0&#8243; woodmart_hide_medium=&#8221;0&#8243; woodmart_hide_small=&#8221;0&#8243;]<div id=\"wd-6475b3432ecdb\" class=\" wd-rs-6475b3432ecdb  wd-button-wrapper text-center\"><a href=\"https:\/\/www.mementoweb.com\/?utm_source=linkpagina&utm_medium=button&utm_campaign=zaniserafino&utm_id=zaniserafino\" title=\"\" target=\"_blank\" class=\"btn btn-color-default btn-style-default btn-style-rectangle btn-size-default\">VISITA IL SITO<\/a><\/div>[vc_empty_space height=&#8221;22px&#8221; woodmart_hide_large=&#8221;0&#8243; woodmart_hide_medium=&#8221;0&#8243; woodmart_hide_small=&#8221;0&#8243;][\/vc_column][vc_column width=&#8221;1\/3&#8243;][vc_empty_space height=&#8221;22px&#8221; woodmart_hide_large=&#8221;0&#8243; woodmart_hide_medium=&#8221;0&#8243; woodmart_hide_small=&#8221;0&#8243;]\t\t<div id=\"wd-69e0c876a5251\" class=\"wd-image wd-wpb wd-rs-69e0c876a5251 text-center \">\n\t\t\t\t\t\t\t<a href=\"https:\/\/www.emporiozani.it\/?utm_source=linkpagina&#038;utm_medium=button&#038;utm_campaign=zaniserafino&#038;utm_id=zaniserafino\"  target=\"_blank\">\n\t\t\t\n\t\t\t<img loading=\"lazy\" decoding=\"async\" width=\"186\" height=\"238\" src=\"https:\/\/zaniserafino.it\/wp-content\/uploads\/2026\/04\/Home_touchmel.jpg\" class=\"attachment-full\" alt=\"\" title=\"Home_touchmel\" \/>\n\t\t\t\t\t\t\t<\/a>\n\t\t\t\t\t<\/div>\n\t\t[vc_empty_space height=&#8221;11px&#8221; woodmart_hide_large=&#8221;0&#8243; woodmart_hide_medium=&#8221;0&#8243; woodmart_hide_small=&#8221;0&#8243;]\t\t<div id=\"wd-69e0b96c9214a\" class=\"wd-text-block wd-wpb reset-last-child wd-rs-69e0b96c9214a text-left \">\n\t\t\t<p><strong><a href=\"https:\/\/touchmel.it\" target=\"_blank\" rel=\"noopener\">Touch-mel<\/a><\/strong> \u00e8 il marchio dedicato al tableware in melamina, pensato per portare in tavola stile, praticit\u00e0 e versatilit\u00e0. Le sue collezioni uniscono decori contemporanei, ricerca sui materiali e soluzioni adatte a diversi contesti d\u2019uso, dalla casa agli spazi outdoor, fino a barca, campeggio e tempo libero.<\/p>\n\t\t<\/div>\n\t\t[vc_empty_space height=&#8221;22px&#8221; woodmart_hide_large=&#8221;0&#8243; woodmart_hide_medium=&#8221;0&#8243; woodmart_hide_small=&#8221;0&#8243;]<div id=\"wd-69e0b9c89612c\" class=\" wd-rs-69e0b9c89612c  wd-button-wrapper text-center\"><a href=\"https:\/\/touchmel.it\/?utm_source=linkpagina&utm_medium=button&utm_campaign=zaniserafino&utm_id=zaniserafino\" title=\"\" target=\"_blank\" class=\"btn btn-color-default btn-style-default btn-style-rectangle btn-size-default\">VISITA IL SITO<\/a><\/div>[vc_empty_space height=&#8221;22px&#8221; woodmart_hide_large=&#8221;0&#8243; woodmart_hide_medium=&#8221;0&#8243; woodmart_hide_small=&#8221;0&#8243;][\/vc_column][\/vc_row][vc_row][vc_column offset=&#8221;vc_hidden-sm vc_hidden-xs&#8221; woodmart_css_id=&#8221;69e0c8b04f5bd&#8221; parallax_scroll=&#8221;no&#8221; woodmart_sticky_column=&#8221;false&#8221; wd_collapsible_content_switcher=&#8221;no&#8221; wd_column_role_offcanvas_desktop=&#8221;no&#8221; wd_column_role_offcanvas_tablet=&#8221;no&#8221; wd_column_role_offcanvas_mobile=&#8221;no&#8221; wd_column_role_content_desktop=&#8221;no&#8221; wd_column_role_content_tablet=&#8221;no&#8221; wd_column_role_content_mobile=&#8221;no&#8221; mobile_bg_img_hidden=&#8221;no&#8221; tablet_bg_img_hidden=&#8221;no&#8221; woodmart_parallax=&#8221;0&#8243; woodmart_box_shadow=&#8221;no&#8221; responsive_spacing=&#8221;eyJwYXJhbV90eXBlIjoid29vZG1hcnRfcmVzcG9uc2l2ZV9zcGFjaW5nIiwic2VsZWN0b3JfaWQiOiI2OWUwYzhiMDRmNWJkIiwic2hvcnRjb2RlIjoidmNfY29sdW1uIiwiZGF0YSI6eyJ0YWJsZXQiOnt9LCJtb2JpbGUiOnt9fX0=&#8221; mobile_reset_margin=&#8221;no&#8221; tablet_reset_margin=&#8221;no&#8221; wd_z_index=&#8221;no&#8221;][vc_empty_space woodmart_hide_large=&#8221;0&#8243; woodmart_hide_medium=&#8221;0&#8243; woodmart_hide_small=&#8221;0&#8243;][\/vc_column][\/vc_row][vc_row][vc_column width=&#8221;1\/3&#8243;][vc_empty_space height=&#8221;22px&#8221; woodmart_hide_large=&#8221;0&#8243; woodmart_hide_medium=&#8221;0&#8243; woodmart_hide_small=&#8221;0&#8243;]\t\t<div id=\"wd-69e0d0e4b4c78\" class=\"wd-image wd-wpb wd-rs-69e0d0e4b4c78 text-center \">\n\t\t\t\t\t\t\t<a href=\"https:\/\/www.emporiozani.it\/?utm_source=linkpagina&#038;utm_medium=button&#038;utm_campaign=zaniserafino&#038;utm_id=zaniserafino\"  target=\"_blank\">\n\t\t\t\n\t\t\t<img loading=\"lazy\" decoding=\"async\" width=\"186\" height=\"238\" src=\"https:\/\/zaniserafino.it\/wp-content\/uploads\/2026\/04\/Home_emporiozani_logo.jpg\" class=\"attachment-full\" alt=\"\" title=\"Home_emporiozani_logo\" \/>\n\t\t\t\t\t\t\t<\/a>\n\t\t\t\t\t<\/div>\n\t\t[vc_empty_space height=&#8221;11px&#8221; woodmart_hide_large=&#8221;0&#8243; woodmart_hide_medium=&#8221;0&#8243; woodmart_hide_small=&#8221;0&#8243;]\t\t<div id=\"wd-6407c786c508e\" class=\"wd-text-block wd-wpb reset-last-child wd-rs-6407c786c508e text-left \">\n\t\t\t<p><strong><a href=\"https:\/\/serafinozani.it\/\">Serafino Zani<\/a><\/strong> concepisce e produce utensili per la cucina e la tavola. La profonda conoscenza della lavorazione dell&#8217;acciaio, unita a tecniche innovative di produzione, contraddistinguono il lavoro dell&#8217;azienda dal 1963. I prodotti di Serafino Zani sono il frutto della felice unione tra sapienza artigiana e design di altissima qualit\u00e0.<\/p>\n\t\t<\/div>\n\t\t[vc_empty_space height=&#8221;22px&#8221; woodmart_hide_large=&#8221;0&#8243; woodmart_hide_medium=&#8221;0&#8243; woodmart_hide_small=&#8221;0&#8243;]<div id=\"wd-6475b2b53b1e3\" class=\" wd-rs-6475b2b53b1e3  wd-button-wrapper text-center\"><a href=\"https:\/\/www.emporiozani.it\/?utm_source=linkpagina&utm_medium=button&utm_campaign=zaniserafino&utm_id=zaniserafino\" title=\"\" target=\"_blank\" class=\"btn btn-color-default btn-style-default btn-style-rectangle btn-size-default\">VISITA IL SITO<\/a><\/div>[vc_empty_space height=&#8221;22px&#8221; woodmart_hide_large=&#8221;0&#8243; woodmart_hide_medium=&#8221;0&#8243; woodmart_hide_small=&#8221;0&#8243;][\/vc_column][vc_column width=&#8221;1\/3&#8243;][vc_empty_space height=&#8221;22px&#8221; woodmart_hide_large=&#8221;0&#8243; woodmart_hide_medium=&#8221;0&#8243; woodmart_hide_small=&#8221;0&#8243;]\t\t<div id=\"wd-6475b2e0eea55\" class=\"wd-image wd-wpb wd-rs-6475b2e0eea55 text-center \">\n\t\t\t\t\t\t\t<a href=\"https:\/\/www.numadesign.it\/?utm_source=linkpagina&#038;utm_medium=button&#038;utm_campaign=zaniserafino&#038;utm_id=zaniserafino\"  target=\"_blank\">\n\t\t\t\n\t\t\t<img loading=\"lazy\" decoding=\"async\" width=\"186\" height=\"238\" src=\"https:\/\/zaniserafino.it\/wp-content\/uploads\/2023\/03\/home_fotonuma.jpg\" class=\"attachment-full\" alt=\"\" title=\"home_fotonuma\" srcset=\"https:\/\/zaniserafino.it\/wp-content\/uploads\/2023\/03\/home_fotonuma.jpg 186w, https:\/\/zaniserafino.it\/wp-content\/uploads\/2023\/03\/home_fotonuma-150x192.jpg 150w\" sizes=\"auto, (max-width: 186px) 100vw, 186px\" \/>\n\t\t\t\t\t\t\t<\/a>\n\t\t\t\t\t<\/div>\n\t\t[vc_empty_space height=&#8221;11px&#8221; woodmart_hide_large=&#8221;0&#8243; woodmart_hide_medium=&#8221;0&#8243; woodmart_hide_small=&#8221;0&#8243;]\t\t<div id=\"wd-640746fae5bfc\" class=\"wd-text-block wd-wpb reset-last-child wd-rs-640746fae5bfc text-left \">\n\t\t\t<p><strong><a href=\"https:\/\/www.numadesign.it\/\" target=\"_blank\" rel=\"noopener\">Numa<\/a><\/strong> edita oggetti contemporanei in tiratura limitata o in piccole serie, realizzati con materiali della tradizione, come il peltro, il legno, il vetro, secondo linguaggi espressivi odierni.<\/p>\n\t\t<\/div>\n\t\t[vc_empty_space height=&#8221;22px&#8221; woodmart_hide_large=&#8221;0&#8243; woodmart_hide_medium=&#8221;0&#8243; woodmart_hide_small=&#8221;0&#8243;]<div id=\"wd-6475b2739f007\" class=\" wd-rs-6475b2739f007  wd-button-wrapper text-center\"><a href=\"https:\/\/www.numadesign.it\/?utm_source=linkpagina&utm_medium=button&utm_campaign=zaniserafino&utm_id=zaniserafino\" title=\"\" target=\"_blank\" class=\"btn btn-color-default btn-style-default btn-style-rectangle btn-size-default\">VISITA IL SITO<\/a><\/div>[vc_empty_space height=&#8221;22px&#8221; woodmart_hide_large=&#8221;0&#8243; woodmart_hide_medium=&#8221;0&#8243; woodmart_hide_small=&#8221;0&#8243;][\/vc_column][vc_column width=&#8221;1\/3&#8243;][vc_empty_space height=&#8221;22px&#8221; woodmart_hide_large=&#8221;0&#8243; woodmart_hide_medium=&#8221;0&#8243; woodmart_hide_small=&#8221;0&#8243;]\t\t<div id=\"wd-69e0d6b2f3d7b\" class=\"wd-image wd-wpb wd-rs-69e0d6b2f3d7b text-center \">\n\t\t\t\t\t\t\t<a href=\"https:\/\/www.emporiozani.it\/?utm_source=linkpagina&#038;utm_medium=button&#038;utm_campaign=zaniserafino&#038;utm_id=zaniserafino\"  target=\"_blank\">\n\t\t\t\n\t\t\t<img loading=\"lazy\" decoding=\"async\" width=\"186\" height=\"238\" src=\"https:\/\/zaniserafino.it\/wp-content\/uploads\/2026\/04\/Home_zani-conto-terzi.jpg\" class=\"attachment-full\" alt=\"\" title=\"Home_zani-conto-terzi\" \/>\n\t\t\t\t\t\t\t<\/a>\n\t\t\t\t\t<\/div>\n\t\t[vc_empty_space height=&#8221;11px&#8221; woodmart_hide_large=&#8221;0&#8243; woodmart_hide_medium=&#8221;0&#8243; woodmart_hide_small=&#8221;0&#8243;]\t\t<div id=\"wd-69e0d0fd2c312\" class=\"wd-text-block wd-wpb reset-last-child wd-rs-69e0d0fd2c312 text-left \">\n\t\t\t<p><a href=\"#\"><strong>Officina Zani<\/strong><\/a> \u00e8 il reparto dedicato alle lavorazioni conto terzi, dove esperienza manifatturiera, precisione tecnica e cura del dettaglio si mettono al servizio di altre aziende. Un partner affidabile per produzioni di qualit\u00e0, espressione del saper fare Made in Italy e di una lunga tradizione industriale.<\/p>\n\t\t<\/div>\n\t\t[vc_empty_space height=&#8221;22px&#8221; woodmart_hide_large=&#8221;0&#8243; woodmart_hide_medium=&#8221;0&#8243; woodmart_hide_small=&#8221;0&#8243;]<div id=\"wd-69e0d15449bd6\" class=\" wd-rs-69e0d15449bd6  wd-button-wrapper text-center\"><a href=\"#\" title=\"\" target=\"_blank\" class=\"btn btn-color-default btn-style-default btn-style-rectangle btn-size-default\">VISITA IL SITO<\/a><\/div>[vc_empty_space height=&#8221;22px&#8221; woodmart_hide_large=&#8221;0&#8243; woodmart_hide_medium=&#8221;0&#8243; woodmart_hide_small=&#8221;0&#8243;][\/vc_column][\/vc_row][vc_row][vc_column][vc_empty_space woodmart_hide_large=&#8221;0&#8243; woodmart_hide_medium=&#8221;0&#8243; woodmart_hide_small=&#8221;0&#8243;][\/vc_column][\/vc_row]<\/p>\n<\/div>","protected":false},"excerpt":{"rendered":"<p>[vc_row][vc_column][vc_empty_space woodmart_hide_large=&#8221;0&#8243; woodmart_hide_medium=&#8221;0&#8243; woodmart_hide_small=&#8221;0&#8243;][\/vc_column][\/vc_row][vc_row equal_height=&#8221;yes&#8221; content_placement=&#8221;middle&#8221; woodmart_css_id=&#8221;69977637d15c9&#8243; responsive_spacing=&#8221;eyJwYXJhbV90eXBlIjoid29vZG1hcnRfcmVzcG9uc2l2ZV9zcGFjaW5nIiwic2VsZWN0b3JfaWQiOiI2OTk3NzYzN2QxNWM5Iiwic2hvcnRjb2RlIjoidmNfcm93IiwiZGF0YSI6eyJ0YWJsZXQiOnt9LCJtb2JpbGUiOnt9fX0=&#8221; mobile_bg_img_hidden=&#8221;no&#8221; tablet_bg_img_hidden=&#8221;no&#8221; woodmart_parallax=&#8221;0&#8243; woodmart_gradient_switch=&#8221;no&#8221; woodmart_box_shadow=&#8221;no&#8221; wd_z_index=&#8221;no&#8221; woodmart_disable_overflow=&#8221;0&#8243; row_reverse_mobile=&#8221;0&#8243; row_reverse_tablet=&#8221;0&#8243;][vc_column width=&#8221;1\/2&#8243;][\/vc_column][vc_column width=&#8221;1\/2&#8243;][vc_empty_space height=&#8221;10px&#8221;<\/p>\n","protected":false},"author":1,"featured_media":0,"parent":0,"menu_order":0,"comment_status":"closed","ping_status":"closed","template":"","meta":{"footnotes":""},"class_list":["post-7513","page","type-page","status-publish","hentry"],"_links":{"self":[{"href":"https:\/\/zaniserafino.it\/en\/wp-json\/wp\/v2\/pages\/7513","targetHints":{"allow":["GET"]}}],"collection":[{"href":"https:\/\/zaniserafino.it\/en\/wp-json\/wp\/v2\/pages"}],"about":[{"href":"https:\/\/zaniserafino.it\/en\/wp-json\/wp\/v2\/types\/page"}],"author":[{"embeddable":true,"href":"https:\/\/zaniserafino.it\/en\/wp-json\/wp\/v2\/users\/1"}],"replies":[{"embeddable":true,"href":"https:\/\/zaniserafino.it\/en\/wp-json\/wp\/v2\/comments?post=7513"}],"version-history":[{"count":5,"href":"https:\/\/zaniserafino.it\/en\/wp-json\/wp\/v2\/pages\/7513\/revisions"}],"predecessor-version":[{"id":7577,"href":"https:\/\/zaniserafino.it\/en\/wp-json\/wp\/v2\/pages\/7513\/revisions\/7577"}],"wp:attachment":[{"href":"https:\/\/zaniserafino.it\/en\/wp-json\/wp\/v2\/media?parent=7513"}],"curies":[{"name":"wp","href":"https:\/\/api.w.org\/{rel}","templated":true}]}}